{"id":680,"date":"2016-02-11T19:33:01","date_gmt":"2016-02-11T18:33:01","guid":{"rendered":"http:\/\/kulturzelle.ch\/site\/?page_id=680"},"modified":"2023-02-23T23:23:20","modified_gmt":"2023-02-23T22:23:20","slug":"kunst-und-architektur-in-der-stadt","status":"publish","type":"page","link":"https:\/\/marketingzelle.ch\/site\/entstehung-der-stadt\/kunst-und-architektur-in-der-stadt\/","title":{"rendered":"Kunst und Architektur in der Stadt"},"content":{"rendered":"<p>Wir wollen eine Reise durch die Jahrhunderte der Geschichte mit Ihnen unternehmen. Die St\u00e4dte voller Historie wie Napoli oder auch Salerno, Benevento und Caserta erwarten Sie.<\/p>\n<p>Selbstverst\u00e4ndlich entscheiden Sie, in welche historische Zeit Sie reisen m\u00f6chten. Wir nehmen Sie wahlweise mit in arch\u00e4ologische St\u00e4tten oder zu den Geb\u00e4uden und Gem\u00e4lden aus dem 8. Jahrhundert oder Sie erkunden mit uns die zeitgen\u00f6ssische Kunst und Architektur.<\/p>\n<p><strong><em>Programm 2023 via mail\u00a0 anfordern &#8211;\u00a0 marcella@kulturzelle.ch<\/em><\/strong><\/p>\n","protected":false},"excerpt":{"rendered":"<p>Wir wollen eine Reise durch die Jahrhunderte der Geschichte mit Ihnen unternehmen. Die St\u00e4dte voller Historie wie Napoli oder auch Salerno, Benevento und Caserta erwarten Sie. Selbstverst\u00e4ndlich entscheiden Sie, in welche historische Zeit Sie reisen m\u00f6chten. Wir nehmen Sie wahlweise mit in arch\u00e4ologische St\u00e4tten oder zu den Geb\u00e4uden und Gem\u00e4lden aus dem 8. Jahrhundert oder&hellip;<a href=\"https:\/\/marketingzelle.ch\/site\/entstehung-der-stadt\/kunst-und-architektur-in-der-stadt\/\" class=\"button\">Weiterlesen <span class=\"screen-reader-text\">Kunst und Architektur in der Stadt<\/span><\/a><\/p>\n","protected":false},"author":1,"featured_media":92,"parent":246,"menu_order":0,"comment_status":"closed","ping_status":"closed","template":"","meta":[],"_links":{"self":[{"href":"https:\/\/marketingzelle.ch\/site\/wp-json\/wp\/v2\/pages\/680"}],"collection":[{"href":"https:\/\/marketingzelle.ch\/site\/wp-json\/wp\/v2\/pages"}],"about":[{"href":"https:\/\/marketingzelle.ch\/site\/wp-json\/wp\/v2\/types\/page"}],"author":[{"embeddable":true,"href":"https:\/\/marketingzelle.ch\/site\/wp-json\/wp\/v2\/users\/1"}],"replies":[{"embeddable":true,"href":"https:\/\/marketingzelle.ch\/site\/wp-json\/wp\/v2\/comments?post=680"}],"version-history":[{"count":10,"href":"https:\/\/marketingzelle.ch\/site\/wp-json\/wp\/v2\/pages\/680\/revisions"}],"predecessor-version":[{"id":1411,"href":"https:\/\/marketingzelle.ch\/site\/wp-json\/wp\/v2\/pages\/680\/revisions\/1411"}],"up":[{"embeddable":true,"href":"https:\/\/marketingzelle.ch\/site\/wp-json\/wp\/v2\/pages\/246"}],"wp:featuredmedia":[{"embeddable":true,"href":"https:\/\/marketingzelle.ch\/site\/wp-json\/wp\/v2\/media\/92"}],"wp:attachment":[{"href":"https:\/\/marketingzelle.ch\/site\/wp-json\/wp\/v2\/media?parent=680"}],"curies":[{"name":"wp","href":"https:\/\/api.w.org\/{rel}","templated":true}]}}