{"id":648,"date":"2016-02-11T19:03:48","date_gmt":"2016-02-11T18:03:48","guid":{"rendered":"http:\/\/kulturzelle.ch\/site\/?page_id=648"},"modified":"2017-04-04T20:08:06","modified_gmt":"2017-04-04T18:08:06","slug":"trekking-in-der-stadt","status":"publish","type":"page","link":"https:\/\/marketingzelle.ch\/site\/trekking-touren\/trekking-in-der-stadt\/","title":{"rendered":"Trekking in der Stadt"},"content":{"rendered":"<p style=\"text-align: justify;\">Ein neuer Trend in Italien ist &#8222;trekking urbano&#8220;, Trekking in der Stadt. Es ist eine neue Art, Touristen und Einheimische durch eine Stadt zu begleiten. Die Wanderung erfolgt in der Stadt, nicht strukturiert und weit weg von den \u00fcblichen Touristenorten. Auf dem Weg gibt es viele \u00dcberraschungen, die unsere Trekker erwarten.<\/p>\n<p>Bewegung, Natur und Stadtbesichtigung koexistieren. Man geht durch die ausgew\u00e4hlte Stadt dank der Begleitung einer professionellen F\u00fchrung. Ein grosser Vorteil dieser Aktivit\u00e4t ist, dass die leichte Bewegung auch der Stressbew\u00e4ltigung dient.<br \/>\nDie Routen sind differenziert je nach L\u00e4nge, Dauer und Schwierigkeitsgrad.<\/p>\n","protected":false},"excerpt":{"rendered":"<p>Ein neuer Trend in Italien ist &#8222;trekking urbano&#8220;, Trekking in der Stadt. Es ist eine neue Art, Touristen und Einheimische durch eine Stadt zu begleiten. Die Wanderung erfolgt in der Stadt, nicht strukturiert und weit weg von den \u00fcblichen Touristenorten. Auf dem Weg gibt es viele \u00dcberraschungen, die unsere Trekker erwarten. Bewegung, Natur und Stadtbesichtigung&hellip;<a href=\"https:\/\/marketingzelle.ch\/site\/trekking-touren\/trekking-in-der-stadt\/\" class=\"button\">Weiterlesen <span class=\"screen-reader-text\">Trekking in der Stadt<\/span><\/a><\/p>\n","protected":false},"author":1,"featured_media":712,"parent":258,"menu_order":0,"comment_status":"closed","ping_status":"closed","template":"","meta":[],"_links":{"self":[{"href":"https:\/\/marketingzelle.ch\/site\/wp-json\/wp\/v2\/pages\/648"}],"collection":[{"href":"https:\/\/marketingzelle.ch\/site\/wp-json\/wp\/v2\/pages"}],"about":[{"href":"https:\/\/marketingzelle.ch\/site\/wp-json\/wp\/v2\/types\/page"}],"author":[{"embeddable":true,"href":"https:\/\/marketingzelle.ch\/site\/wp-json\/wp\/v2\/users\/1"}],"replies":[{"embeddable":true,"href":"https:\/\/marketingzelle.ch\/site\/wp-json\/wp\/v2\/comments?post=648"}],"version-history":[{"count":8,"href":"https:\/\/marketingzelle.ch\/site\/wp-json\/wp\/v2\/pages\/648\/revisions"}],"predecessor-version":[{"id":1195,"href":"https:\/\/marketingzelle.ch\/site\/wp-json\/wp\/v2\/pages\/648\/revisions\/1195"}],"up":[{"embeddable":true,"href":"https:\/\/marketingzelle.ch\/site\/wp-json\/wp\/v2\/pages\/258"}],"wp:featuredmedia":[{"embeddable":true,"href":"https:\/\/marketingzelle.ch\/site\/wp-json\/wp\/v2\/media\/712"}],"wp:attachment":[{"href":"https:\/\/marketingzelle.ch\/site\/wp-json\/wp\/v2\/media?parent=648"}],"curies":[{"name":"wp","href":"https:\/\/api.w.org\/{rel}","templated":true}]}}