{"id":632,"date":"2016-09-01T18:51:58","date_gmt":"2016-09-01T16:51:58","guid":{"rendered":"http:\/\/kulturzelle.ch\/site\/?page_id=632"},"modified":"2017-09-12T17:52:39","modified_gmt":"2017-09-12T15:52:39","slug":"menschen-und-umwelt","status":"publish","type":"page","link":"https:\/\/marketingzelle.ch\/site\/entstehung-der-stadt\/menschen-und-umwelt\/","title":{"rendered":"Menschen und Umwelt"},"content":{"rendered":"<p style=\"text-align: justify;\">Auf den Spuren der Pers\u00f6nlichkeiten, die Neapolis Geschichte ge\u00e4ndert haben, unternehmen wir eine professionelle F\u00fchrung. Wir lernen jene Frauen, Musiker, Schauspieler, Intellektuelle n\u00e4her kennen, die Neapel gross und ber\u00fchmt gemacht haben.<\/p>\n<p>&nbsp;<\/p>\n","protected":false},"excerpt":{"rendered":"<p>Auf den Spuren der Pers\u00f6nlichkeiten, die Neapolis Geschichte ge\u00e4ndert haben, unternehmen wir eine professionelle F\u00fchrung. Wir lernen jene Frauen, Musiker, Schauspieler, Intellektuelle n\u00e4her kennen, die Neapel gross und ber\u00fchmt gemacht haben. &nbsp;<\/p>\n","protected":false},"author":1,"featured_media":90,"parent":246,"menu_order":0,"comment_status":"closed","ping_status":"closed","template":"","meta":[],"_links":{"self":[{"href":"https:\/\/marketingzelle.ch\/site\/wp-json\/wp\/v2\/pages\/632"}],"collection":[{"href":"https:\/\/marketingzelle.ch\/site\/wp-json\/wp\/v2\/pages"}],"about":[{"href":"https:\/\/marketingzelle.ch\/site\/wp-json\/wp\/v2\/types\/page"}],"author":[{"embeddable":true,"href":"https:\/\/marketingzelle.ch\/site\/wp-json\/wp\/v2\/users\/1"}],"replies":[{"embeddable":true,"href":"https:\/\/marketingzelle.ch\/site\/wp-json\/wp\/v2\/comments?post=632"}],"version-history":[{"count":12,"href":"https:\/\/marketingzelle.ch\/site\/wp-json\/wp\/v2\/pages\/632\/revisions"}],"predecessor-version":[{"id":1312,"href":"https:\/\/marketingzelle.ch\/site\/wp-json\/wp\/v2\/pages\/632\/revisions\/1312"}],"up":[{"embeddable":true,"href":"https:\/\/marketingzelle.ch\/site\/wp-json\/wp\/v2\/pages\/246"}],"wp:featuredmedia":[{"embeddable":true,"href":"https:\/\/marketingzelle.ch\/site\/wp-json\/wp\/v2\/media\/90"}],"wp:attachment":[{"href":"https:\/\/marketingzelle.ch\/site\/wp-json\/wp\/v2\/media?parent=632"}],"curies":[{"name":"wp","href":"https:\/\/api.w.org\/{rel}","templated":true}]}}