{"id":628,"date":"2016-02-11T18:50:48","date_gmt":"2016-02-11T17:50:48","guid":{"rendered":"http:\/\/kulturzelle.ch\/site\/?page_id=628"},"modified":"2016-03-22T21:35:51","modified_gmt":"2016-03-22T20:35:51","slug":"zeitgenoessische-kunst","status":"publish","type":"page","link":"https:\/\/marketingzelle.ch\/site\/entstehung-der-stadt\/zeitgenoessische-kunst\/","title":{"rendered":"Zeitgen\u00f6ssische Kunst"},"content":{"rendered":"<p>Viele sind die Orte der modernen und gegenw\u00e4rtigen Kunst in Napoli. Sehenswert zu entdecken, sind die von K\u00fcnstlern gestalteten U-Bahn Stationen, die Napolis Stadtteile miteinander verbinden.<\/p>\n<p>Eine professionelle F\u00fchrung durch die Metro-Art ist wie eine Besichtigung eines dezentralen unterirdischen Museums.<\/p>\n<p>Voller Begeisterung begleiten wir Sie durch diese kulturelle Reise in die Welt der Kunst.<\/p>\n","protected":false},"excerpt":{"rendered":"<p>Viele sind die Orte der modernen und gegenw\u00e4rtigen Kunst in Napoli. Sehenswert zu entdecken, sind die von K\u00fcnstlern gestalteten U-Bahn Stationen, die Napolis Stadtteile miteinander verbinden. Eine professionelle F\u00fchrung durch die Metro-Art ist wie eine Besichtigung eines dezentralen unterirdischen Museums. Voller Begeisterung begleiten wir Sie durch diese kulturelle Reise in die Welt der Kunst.<\/p>\n","protected":false},"author":1,"featured_media":608,"parent":246,"menu_order":0,"comment_status":"closed","ping_status":"closed","template":"","meta":[],"_links":{"self":[{"href":"https:\/\/marketingzelle.ch\/site\/wp-json\/wp\/v2\/pages\/628"}],"collection":[{"href":"https:\/\/marketingzelle.ch\/site\/wp-json\/wp\/v2\/pages"}],"about":[{"href":"https:\/\/marketingzelle.ch\/site\/wp-json\/wp\/v2\/types\/page"}],"author":[{"embeddable":true,"href":"https:\/\/marketingzelle.ch\/site\/wp-json\/wp\/v2\/users\/1"}],"replies":[{"embeddable":true,"href":"https:\/\/marketingzelle.ch\/site\/wp-json\/wp\/v2\/comments?post=628"}],"version-history":[{"count":9,"href":"https:\/\/marketingzelle.ch\/site\/wp-json\/wp\/v2\/pages\/628\/revisions"}],"predecessor-version":[{"id":857,"href":"https:\/\/marketingzelle.ch\/site\/wp-json\/wp\/v2\/pages\/628\/revisions\/857"}],"up":[{"embeddable":true,"href":"https:\/\/marketingzelle.ch\/site\/wp-json\/wp\/v2\/pages\/246"}],"wp:featuredmedia":[{"embeddable":true,"href":"https:\/\/marketingzelle.ch\/site\/wp-json\/wp\/v2\/media\/608"}],"wp:attachment":[{"href":"https:\/\/marketingzelle.ch\/site\/wp-json\/wp\/v2\/media?parent=628"}],"curies":[{"name":"wp","href":"https:\/\/api.w.org\/{rel}","templated":true}]}}