{"id":585,"date":"2016-02-10T23:51:50","date_gmt":"2016-02-10T22:51:50","guid":{"rendered":"http:\/\/kulturzelle.ch\/site\/?page_id=585"},"modified":"2016-04-13T11:28:00","modified_gmt":"2016-04-13T09:28:00","slug":"punta-campanella-ieranto","status":"publish","type":"page","link":"https:\/\/marketingzelle.ch\/site\/trekking-touren\/punta-campanella-ieranto\/","title":{"rendered":"Punta Campanella &#8211; Ieranto"},"content":{"rendered":"<p><strong>Information zur Exkursion<\/strong><\/p>\n<p>Von Termini gehen wir mit Blick auf Capri zur \u00e4ussersten Spitze der Halbinsel von Sorrent: Punta Campanella.<br \/>\nVon hier scheint Capri so nah, dass man meint, man k\u00f6nne sie ber\u00fchren.<br \/>\nSchliesslich sieht man den Turm sowie den Leuchtturm von Punta della Campanella: Der Turm aus grauem Tuffstein steht dort, wo sich einst ein Tempel befand, der der G\u00f6ttin Athena \u2013 Minerva gewidmet war.<br \/>\nDie Existenz eines Tempels belegen heute noch arch\u00e4ologische Ruinen unter Wasser.<br \/>\nAuf der linken Seite des Turmes f\u00fchrt ein leichter anspruchsvoller Weg bergab zur &#8222;Grotta delle Sirene&#8220;.<br \/>\nVon Punta Campanella geht es bergauf weiter bis auf den h\u00f6chsten H\u00fcgel der Halbinsel von Sorrent.<br \/>\nVon hier geniessen wir einen herrlichen Rundumblick und danach durchquert man die Vorgebirge.<br \/>\nEin kleiner Pinienwald bietet etwas Schatten. Eine kleine Kalksteintreppe f\u00fchrt uns zur Kirche des Hl. Costanzo, aus der zweiten H\u00e4lfte des 16. Jahrhunderts.<br \/>\nVom Gipfel von San Costanzo \u00f6ffnet sich ein 360 Grad-Panorama \u00fcber die ganze Landschaft. Wir erblicken Massa Lubrense, den Golf von Neapel<br \/>\nsowie den von Salerno, den Vesuv und die Inseln Capri, Ischia, Procida und Li Galli.<\/p>\n<p>Von hier ist es m\u00f6glich zur\u00fcck nach Termini zu gehen oder bergab nach Nerano zu wandern.<\/p>\n","protected":false},"excerpt":{"rendered":"<p>Information zur Exkursion Von Termini gehen wir mit Blick auf Capri zur \u00e4ussersten Spitze der Halbinsel von Sorrent: Punta Campanella. Von hier scheint Capri so nah, dass man meint, man k\u00f6nne sie ber\u00fchren. Schliesslich sieht man den Turm sowie den Leuchtturm von Punta della Campanella: Der Turm aus grauem Tuffstein steht dort, wo sich einst&hellip;<a href=\"https:\/\/marketingzelle.ch\/site\/trekking-touren\/punta-campanella-ieranto\/\" class=\"button\">Weiterlesen <span class=\"screen-reader-text\">Punta Campanella &#8211; Ieranto<\/span><\/a><\/p>\n","protected":false},"author":3,"featured_media":0,"parent":258,"menu_order":0,"comment_status":"closed","ping_status":"closed","template":"","meta":[],"_links":{"self":[{"href":"https:\/\/marketingzelle.ch\/site\/wp-json\/wp\/v2\/pages\/585"}],"collection":[{"href":"https:\/\/marketingzelle.ch\/site\/wp-json\/wp\/v2\/pages"}],"about":[{"href":"https:\/\/marketingzelle.ch\/site\/wp-json\/wp\/v2\/types\/page"}],"author":[{"embeddable":true,"href":"https:\/\/marketingzelle.ch\/site\/wp-json\/wp\/v2\/users\/3"}],"replies":[{"embeddable":true,"href":"https:\/\/marketingzelle.ch\/site\/wp-json\/wp\/v2\/comments?post=585"}],"version-history":[{"count":13,"href":"https:\/\/marketingzelle.ch\/site\/wp-json\/wp\/v2\/pages\/585\/revisions"}],"predecessor-version":[{"id":989,"href":"https:\/\/marketingzelle.ch\/site\/wp-json\/wp\/v2\/pages\/585\/revisions\/989"}],"up":[{"embeddable":true,"href":"https:\/\/marketingzelle.ch\/site\/wp-json\/wp\/v2\/pages\/258"}],"wp:attachment":[{"href":"https:\/\/marketingzelle.ch\/site\/wp-json\/wp\/v2\/media?parent=585"}],"curies":[{"name":"wp","href":"https:\/\/api.w.org\/{rel}","templated":true}]}}