{"id":43,"date":"2015-11-15T14:55:12","date_gmt":"2015-11-15T10:46:26","guid":{"rendered":"http:\/\/kulturzelle.ch\/site\/?page_id=43"},"modified":"2023-02-23T23:45:25","modified_gmt":"2023-02-23T22:45:25","slug":"valle-delle-ferriere","status":"publish","type":"page","link":"https:\/\/marketingzelle.ch\/site\/trekking-touren\/valle-delle-ferriere\/","title":{"rendered":"Eisental &#8211; Amalfik\u00fcste"},"content":{"rendered":"<p>Informationen zur Exkursion<\/p>\n<p style=\"text-align: justify;\">Aufgrund seiner besonderen geographischen Lage zwischen den Bergen von Scala ist dieses Gebiet von den kalten Nordwinden durch den felsigen<br \/>\nBergr\u00fccken gesch\u00fctzt. Es geniesst die offenen heiss-feuchten S\u00fcdwinde und unterliegt hohen Niederschl\u00e4gen verteilt \u00fcber drei Monate; somit<br \/>\nblieb im Laufe der Zeit sein Mikroklima unver\u00e4ndert und daher sind auch antike Pflanzen noch intakt. Die Wanderung beginnt in Amalfi.<br \/>\nWir gehen an den Ruinen der alten\u00a0Papierfabriken vorbei (hier wurde einst Papier produziert), dem Fluss Canneto entlang, wo eine Reihe Wasserf\u00e4lle entstehen. Das Rauschen des Wassers ist unser Wegbegleiter.<br \/>\nUnser Weg f\u00fchrt durch das Naturreservat bis nach Pontone und zur\u00fcck nach Amalfi.<\/p>\n<p><strong>Von M\u00e4rz bis Oktober &#8211; a.carbone@kulturzelle.ch<\/strong><\/p>\n<p><strong>Schwierigkeit:<\/strong>\u00a0 mittel<\/p>\n<p><strong>Dauer: \u00a0<\/strong> 3.30 Std.<\/p>\n<p><strong>Strecke:<\/strong>\u00a0 \u00a0\u2194 6.9 km<\/p>\n<p><strong>Aufstieg: \u00a0\u00a0<\/strong>\u21d1464<\/p>\n<p><strong>Abstieg: \u00a0 \u00a0<\/strong>\u21d3 464<\/p>\n<p><strong>Eigenschaften:<\/strong> aussichtsreicher Wanderweg; kulturell und historisch; geologische und botanische Attraktionen.<\/p>\n","protected":false},"excerpt":{"rendered":"<p>Informationen zur Exkursion Aufgrund seiner besonderen geographischen Lage zwischen den Bergen von Scala ist dieses Gebiet von den kalten Nordwinden durch den felsigen Bergr\u00fccken gesch\u00fctzt. Es geniesst die offenen heiss-feuchten S\u00fcdwinde und unterliegt hohen Niederschl\u00e4gen verteilt \u00fcber drei Monate; somit blieb im Laufe der Zeit sein Mikroklima unver\u00e4ndert und daher sind auch antike Pflanzen noch&hellip;<a href=\"https:\/\/marketingzelle.ch\/site\/trekking-touren\/valle-delle-ferriere\/\" class=\"button\">Weiterlesen <span class=\"screen-reader-text\">Eisental &#8211; Amalfik\u00fcste<\/span><\/a><\/p>\n","protected":false},"author":1,"featured_media":337,"parent":258,"menu_order":0,"comment_status":"closed","ping_status":"closed","template":"","meta":[],"_links":{"self":[{"href":"https:\/\/marketingzelle.ch\/site\/wp-json\/wp\/v2\/pages\/43"}],"collection":[{"href":"https:\/\/marketingzelle.ch\/site\/wp-json\/wp\/v2\/pages"}],"about":[{"href":"https:\/\/marketingzelle.ch\/site\/wp-json\/wp\/v2\/types\/page"}],"author":[{"embeddable":true,"href":"https:\/\/marketingzelle.ch\/site\/wp-json\/wp\/v2\/users\/1"}],"replies":[{"embeddable":true,"href":"https:\/\/marketingzelle.ch\/site\/wp-json\/wp\/v2\/comments?post=43"}],"version-history":[{"count":22,"href":"https:\/\/marketingzelle.ch\/site\/wp-json\/wp\/v2\/pages\/43\/revisions"}],"predecessor-version":[{"id":1416,"href":"https:\/\/marketingzelle.ch\/site\/wp-json\/wp\/v2\/pages\/43\/revisions\/1416"}],"up":[{"embeddable":true,"href":"https:\/\/marketingzelle.ch\/site\/wp-json\/wp\/v2\/pages\/258"}],"wp:featuredmedia":[{"embeddable":true,"href":"https:\/\/marketingzelle.ch\/site\/wp-json\/wp\/v2\/media\/337"}],"wp:attachment":[{"href":"https:\/\/marketingzelle.ch\/site\/wp-json\/wp\/v2\/media?parent=43"}],"curies":[{"name":"wp","href":"https:\/\/api.w.org\/{rel}","templated":true}]}}