{"id":26,"date":"2017-08-01T14:53:42","date_gmt":"2017-08-01T12:53:42","guid":{"rendered":"http:\/\/kulturzelle.ch\/site\/?page_id=26"},"modified":"2025-10-02T17:42:24","modified_gmt":"2025-10-02T15:42:24","slug":"site","status":"publish","type":"page","link":"https:\/\/marketingzelle.ch\/site\/","title":{"rendered":""},"content":{"rendered":"<p style=\"text-align: justify;\">Spektakul\u00e4re Landschaften, wilde und unentdeckte Wanderwege, verstreute Inseln im Golf, Berge und Meer in einer unerwarteten N\u00e4he. All dies verbunden mit Tradition, Musik, Architektur und Kunst &#8211; eingewoben in eine harmonische Koexistenz &#8211; bringen wir Ihnen n\u00e4her, mit dieser aussergew\u00f6hnlichen Reise in die Welt, wie sie schon damals durch die bezaubernden Meerjungfrauen in einem Lied erz\u00e4hlt wurde.<\/p>\n<p style=\"text-align: justify;\">Mit grossem Erstaunen haben wir diese Orte entdeckt. Das Wissen daran und unsere Verwunderung m\u00f6chten wir gerne verbreiten, wie eine kleine Zelle in einem Organismus. So ist unser Name KulturZELLE entstanden, da Kultur das gemeinsame Erbe aller B\u00fcrger der Welt ist und wir als winziger Teil davon, unseren Beitrag leisten m\u00f6chten. Wie? Mit unseren massgeschneiderten Touren, die alle Sinne immer wach halten.&nbsp;Man erlebt die Kultur, man h\u00f6rt, sieht, sp\u00fcrt und ber\u00fchrt sie bis in die Seele: eine Entdeckungsreise durch Sprache, Emotionen, Kreativit\u00e4t.<\/p>\n<p>\u2022 Sprachkurse mit der &#8222;Reisenden Schule&#8220; &#8211; Grammatik und G\u00f6tterwege treffen sich<br \/>\n\u2022 Italienisch in der Mediterranes K\u00fcche<br \/>\n\u2022 Musik-Kunst und Wein rund um den sch\u00f6nsten St\u00e4dten Italiens&nbsp;&nbsp;zwischen Bergen und K\u00fcsten<br \/>\n\u2022 Otium f\u00fcr Familien<br \/>\n\u2022 Arch\u00e4ologische Touren<\/p>\n<p><em><strong>Programm 2023 via mail anfordern &#8211; marcella@kulturzelle.ch<\/strong><\/em><\/p>\n","protected":false},"excerpt":{"rendered":"<p>Spektakul\u00e4re Landschaften, wilde und unentdeckte Wanderwege, verstreute Inseln im Golf, Berge und Meer in einer unerwarteten N\u00e4he. All dies verbunden mit Tradition, Musik, Architektur und Kunst &#8211; eingewoben in eine harmonische Koexistenz &#8211; bringen wir Ihnen n\u00e4her, mit dieser aussergew\u00f6hnlichen Reise in die Welt, wie sie schon damals durch die bezaubernden Meerjungfrauen in einem Lied&hellip;<a href=\"https:\/\/marketingzelle.ch\/site\/\" class=\"button\">Weiterlesen <span class=\"screen-reader-text\"><\/span><\/a><\/p>\n","protected":false},"author":1,"featured_media":501,"parent":0,"menu_order":0,"comment_status":"closed","ping_status":"closed","template":"","meta":[],"_links":{"self":[{"href":"https:\/\/marketingzelle.ch\/site\/wp-json\/wp\/v2\/pages\/26"}],"collection":[{"href":"https:\/\/marketingzelle.ch\/site\/wp-json\/wp\/v2\/pages"}],"about":[{"href":"https:\/\/marketingzelle.ch\/site\/wp-json\/wp\/v2\/types\/page"}],"author":[{"embeddable":true,"href":"https:\/\/marketingzelle.ch\/site\/wp-json\/wp\/v2\/users\/1"}],"replies":[{"embeddable":true,"href":"https:\/\/marketingzelle.ch\/site\/wp-json\/wp\/v2\/comments?post=26"}],"version-history":[{"count":43,"href":"https:\/\/marketingzelle.ch\/site\/wp-json\/wp\/v2\/pages\/26\/revisions"}],"predecessor-version":[{"id":1511,"href":"https:\/\/marketingzelle.ch\/site\/wp-json\/wp\/v2\/pages\/26\/revisions\/1511"}],"wp:featuredmedia":[{"embeddable":true,"href":"https:\/\/marketingzelle.ch\/site\/wp-json\/wp\/v2\/media\/501"}],"wp:attachment":[{"href":"https:\/\/marketingzelle.ch\/site\/wp-json\/wp\/v2\/media?parent=26"}],"curies":[{"name":"wp","href":"https:\/\/api.w.org\/{rel}","templated":true}]}}