{"id":258,"date":"2016-01-03T18:35:52","date_gmt":"2016-01-03T17:35:30","guid":{"rendered":"http:\/\/kulturzelle.ch\/site\/?page_id=258"},"modified":"2016-03-27T21:34:59","modified_gmt":"2016-03-27T19:34:59","slug":"trekking-touren","status":"publish","type":"page","link":"https:\/\/marketingzelle.ch\/site\/trekking-touren\/","title":{"rendered":"Trekking"},"content":{"rendered":"<p>Wir bieten eine massgeschneiderte Sprachschule verbunden mit Wanderurlaub und Kulturprogramm in Gruppen oder individuell oder einfach nur Trekking.<br \/>\nDie gef\u00fchrten Reisen werden von\u00a0sympathischen und deutschsprachigen Leiterinnen\/Lehrerinnen begleitet.<\/p>\n<p>F\u00fcr uns selber war die Amalfik\u00fcste eine bedeutsame und abenteuerliche Entdeckung, die wir gerne unseren Freunden, Bekannten und neuen Bekannten vermitteln m\u00f6chten, da wir der Meinung sind, dass Kultur verbreitet werden muss.<\/p>\n<p>Die Amalfik\u00fcste z\u00e4hlt mit ihren steilen Bergen, den atemberaubenden Ausblicken auf die Steilk\u00fcste, den Felsbuchten und malerischen D\u00f6rfern, die an den Felsw\u00e4nden zu kleben scheinen, zu den sch\u00f6nsten K\u00fcstenlandschaften der Welt.<\/p>\n<p>Hier in dieser paradiesischen Landschaft organisieren wir unsere Trekkingtouren oder Wanderungen und die &#8222;Reisende Sprachschule&#8220;<\/p>\n","protected":false},"excerpt":{"rendered":"<p>Wir bieten eine massgeschneiderte Sprachschule verbunden mit Wanderurlaub und Kulturprogramm in Gruppen oder individuell oder einfach nur Trekking. Die gef\u00fchrten Reisen werden von\u00a0sympathischen und deutschsprachigen Leiterinnen\/Lehrerinnen begleitet. F\u00fcr uns selber war die Amalfik\u00fcste eine bedeutsame und abenteuerliche Entdeckung, die wir gerne unseren Freunden, Bekannten und neuen Bekannten vermitteln m\u00f6chten, da wir der Meinung sind, dass&hellip;<a href=\"https:\/\/marketingzelle.ch\/site\/trekking-touren\/\" class=\"button\">Weiterlesen <span class=\"screen-reader-text\">Trekking<\/span><\/a><\/p>\n","protected":false},"author":1,"featured_media":802,"parent":0,"menu_order":0,"comment_status":"closed","ping_status":"closed","template":"","meta":[],"_links":{"self":[{"href":"https:\/\/marketingzelle.ch\/site\/wp-json\/wp\/v2\/pages\/258"}],"collection":[{"href":"https:\/\/marketingzelle.ch\/site\/wp-json\/wp\/v2\/pages"}],"about":[{"href":"https:\/\/marketingzelle.ch\/site\/wp-json\/wp\/v2\/types\/page"}],"author":[{"embeddable":true,"href":"https:\/\/marketingzelle.ch\/site\/wp-json\/wp\/v2\/users\/1"}],"replies":[{"embeddable":true,"href":"https:\/\/marketingzelle.ch\/site\/wp-json\/wp\/v2\/comments?post=258"}],"version-history":[{"count":19,"href":"https:\/\/marketingzelle.ch\/site\/wp-json\/wp\/v2\/pages\/258\/revisions"}],"predecessor-version":[{"id":1070,"href":"https:\/\/marketingzelle.ch\/site\/wp-json\/wp\/v2\/pages\/258\/revisions\/1070"}],"wp:featuredmedia":[{"embeddable":true,"href":"https:\/\/marketingzelle.ch\/site\/wp-json\/wp\/v2\/media\/802"}],"wp:attachment":[{"href":"https:\/\/marketingzelle.ch\/site\/wp-json\/wp\/v2\/media?parent=258"}],"curies":[{"name":"wp","href":"https:\/\/api.w.org\/{rel}","templated":true}]}}