{"id":254,"date":"2016-01-03T18:34:58","date_gmt":"2016-01-03T17:34:23","guid":{"rendered":"http:\/\/kulturzelle.ch\/site\/?page_id=254"},"modified":"2016-04-03T16:18:37","modified_gmt":"2016-04-03T14:18:37","slug":"esskultur-dieta-mediterranea","status":"publish","type":"page","link":"https:\/\/marketingzelle.ch\/site\/dolce-vita-2\/esskultur-dieta-mediterranea\/","title":{"rendered":"Esskultur"},"content":{"rendered":"<p>&#8222;Dieta mediterranea&#8220;, die mediterrane Ern\u00e4hrungsweise, die heute zum Weltkulturerbe geh\u00f6rt, ist ein Begriff, der bei uns sofort die Assoziation der gesunden Esskultur hervorruft.<\/p>\n<p>Was wir bieten, ist eine Reise auf den Spuren dieser Mittelmeer-K\u00fcche, verbunden mit kulinarischer Sprache und  gemeinsamem Kochen und Essen. Besucht werden die bedeutendsten Orte, in denen die Tradition der Mittelmeer-Ern\u00e4hrung lebendig ist.<br \/>\nWir vermengen die Tradition mit  aktuellem Know-How  &#8211; wie zwei Zutaten eines Kochrezepts, um die Kunst des Kochens und Essens zu zelebrieren.<\/p>\n<p>Die Speisen, die wir gemeinsam zubereiten werden, sind Kunstwerke. Das Auge isst mit.<br \/>\nAusgew\u00e4hlte, frische und gesunde Zutaten bereiten wir gemeinsam mit Freude zu. Wir kneten Teig und spielen mit den Farben der Gem\u00fcse, wir pfl\u00fccken, mischen und verwenden die duftenden Gew\u00fcrze und Kr\u00e4uter auf eine aussergew\u00f6hnliche Weise.<br \/>\nEin Genuss f\u00fcr den Gaumen, das Wasser l\u00e4uft schon im Mund zusammen und es riecht schon lecker\u2026 \u201eBuon Appetito!\u201c<\/p>\n","protected":false},"excerpt":{"rendered":"<p>&#8222;Dieta mediterranea&#8220;, die mediterrane Ern\u00e4hrungsweise, die heute zum Weltkulturerbe geh\u00f6rt, ist ein Begriff, der bei uns sofort die Assoziation der gesunden Esskultur hervorruft. Was wir bieten, ist eine Reise auf den Spuren dieser Mittelmeer-K\u00fcche, verbunden mit kulinarischer Sprache und gemeinsamem Kochen und Essen. Besucht werden die bedeutendsten Orte, in denen die Tradition der Mittelmeer-Ern\u00e4hrung lebendig&hellip;<a href=\"https:\/\/marketingzelle.ch\/site\/dolce-vita-2\/esskultur-dieta-mediterranea\/\" class=\"button\">Weiterlesen <span class=\"screen-reader-text\">Esskultur<\/span><\/a><\/p>\n","protected":false},"author":1,"featured_media":913,"parent":264,"menu_order":0,"comment_status":"closed","ping_status":"closed","template":"","meta":[],"_links":{"self":[{"href":"https:\/\/marketingzelle.ch\/site\/wp-json\/wp\/v2\/pages\/254"}],"collection":[{"href":"https:\/\/marketingzelle.ch\/site\/wp-json\/wp\/v2\/pages"}],"about":[{"href":"https:\/\/marketingzelle.ch\/site\/wp-json\/wp\/v2\/types\/page"}],"author":[{"embeddable":true,"href":"https:\/\/marketingzelle.ch\/site\/wp-json\/wp\/v2\/users\/1"}],"replies":[{"embeddable":true,"href":"https:\/\/marketingzelle.ch\/site\/wp-json\/wp\/v2\/comments?post=254"}],"version-history":[{"count":22,"href":"https:\/\/marketingzelle.ch\/site\/wp-json\/wp\/v2\/pages\/254\/revisions"}],"predecessor-version":[{"id":942,"href":"https:\/\/marketingzelle.ch\/site\/wp-json\/wp\/v2\/pages\/254\/revisions\/942"}],"up":[{"embeddable":true,"href":"https:\/\/marketingzelle.ch\/site\/wp-json\/wp\/v2\/pages\/264"}],"wp:featuredmedia":[{"embeddable":true,"href":"https:\/\/marketingzelle.ch\/site\/wp-json\/wp\/v2\/media\/913"}],"wp:attachment":[{"href":"https:\/\/marketingzelle.ch\/site\/wp-json\/wp\/v2\/media?parent=254"}],"curies":[{"name":"wp","href":"https:\/\/api.w.org\/{rel}","templated":true}]}}