{"id":250,"date":"2017-09-01T18:33:54","date_gmt":"2017-09-01T16:33:54","guid":{"rendered":"http:\/\/kulturzelle.ch\/site\/?page_id=250"},"modified":"2018-02-05T23:58:53","modified_gmt":"2018-02-05T22:58:53","slug":"in-vino-veritas","status":"publish","type":"page","link":"https:\/\/marketingzelle.ch\/site\/dolce-vita-2\/in-vino-veritas\/","title":{"rendered":"Weinkultur"},"content":{"rendered":"<p>Die alten R\u00f6mer nannten unseren urspr\u00fcnglichen Heimatort \u201eCampania Felix\u201c, heute Kampanien.<br \/>\nCampania ist die Heimat des Taurasi, eines tanninreichen Weines, der aus der Aglianico-Rebe gewonnen wird. Er geh\u00f6rt zu den kr\u00e4ftigsten und langlebigsten Weinen S\u00fcditaliens.<\/p>\n<p>Kampanien ist aber auch die Heimat der nach ger\u00f6steten Haseln\u00fcssen, reifen Aprikosen und Honigmelonen duftenden Weine. Dazu z\u00e4hlt der \u201eFiano\u201c, eine der hochwertigsten Weissweinsorten.<\/p>\n<p>Kampanien ist heute noch das Hauptanbaugebiet verschiedener anderer Sorten Wein, wie Greco di Tufo oder Aglianico, insbesondere um Avellino herum. In der ganzen Region produziert man 15 DOC-Weine, 4 DOCG und 10 IGT-Weine.<\/p>\n<p>Wir servieren Ihnen Poesie, Erz\u00e4hlungen und Kultur in Flaschen.<\/p>\n<p>&nbsp;<\/p>\n<p>&nbsp;<\/p>\n","protected":false},"excerpt":{"rendered":"<p>Die alten R\u00f6mer nannten unseren urspr\u00fcnglichen Heimatort \u201eCampania Felix\u201c, heute Kampanien. Campania ist die Heimat des Taurasi, eines tanninreichen Weines, der aus der Aglianico-Rebe gewonnen wird. Er geh\u00f6rt zu den kr\u00e4ftigsten und langlebigsten Weinen S\u00fcditaliens. Kampanien ist aber auch die Heimat der nach ger\u00f6steten Haseln\u00fcssen, reifen Aprikosen und Honigmelonen duftenden Weine. Dazu z\u00e4hlt der \u201eFiano\u201c,&hellip;<a href=\"https:\/\/marketingzelle.ch\/site\/dolce-vita-2\/in-vino-veritas\/\" class=\"button\">Weiterlesen <span class=\"screen-reader-text\">Weinkultur<\/span><\/a><\/p>\n","protected":false},"author":1,"featured_media":880,"parent":264,"menu_order":0,"comment_status":"closed","ping_status":"closed","template":"","meta":[],"_links":{"self":[{"href":"https:\/\/marketingzelle.ch\/site\/wp-json\/wp\/v2\/pages\/250"}],"collection":[{"href":"https:\/\/marketingzelle.ch\/site\/wp-json\/wp\/v2\/pages"}],"about":[{"href":"https:\/\/marketingzelle.ch\/site\/wp-json\/wp\/v2\/types\/page"}],"author":[{"embeddable":true,"href":"https:\/\/marketingzelle.ch\/site\/wp-json\/wp\/v2\/users\/1"}],"replies":[{"embeddable":true,"href":"https:\/\/marketingzelle.ch\/site\/wp-json\/wp\/v2\/comments?post=250"}],"version-history":[{"count":31,"href":"https:\/\/marketingzelle.ch\/site\/wp-json\/wp\/v2\/pages\/250\/revisions"}],"predecessor-version":[{"id":1330,"href":"https:\/\/marketingzelle.ch\/site\/wp-json\/wp\/v2\/pages\/250\/revisions\/1330"}],"up":[{"embeddable":true,"href":"https:\/\/marketingzelle.ch\/site\/wp-json\/wp\/v2\/pages\/264"}],"wp:featuredmedia":[{"embeddable":true,"href":"https:\/\/marketingzelle.ch\/site\/wp-json\/wp\/v2\/media\/880"}],"wp:attachment":[{"href":"https:\/\/marketingzelle.ch\/site\/wp-json\/wp\/v2\/media?parent=250"}],"curies":[{"name":"wp","href":"https:\/\/api.w.org\/{rel}","templated":true}]}}