{"id":248,"date":"2016-01-03T18:33:00","date_gmt":"2016-01-03T17:32:16","guid":{"rendered":"http:\/\/kulturzelle.ch\/site\/?page_id=248"},"modified":"2023-04-05T17:18:24","modified_gmt":"2023-04-05T15:18:24","slug":"cultura-in-citta","status":"publish","type":"page","link":"https:\/\/marketingzelle.ch\/site\/it\/cultura-in-citta\/","title":{"rendered":"Cultura in citt\u00e0"},"content":{"rendered":"<h6>Una citt\u00e0 la si pu\u00f2 guardare o vivere secondo\u00a0molti punti di vista. Noi la percorreremo con guide professionali e che ci mostreranno la citt\u00e0 in modo insolito perch\u00e8 Napoli \u00e8 insolita.<\/h6>\n<h6>Vogliamo presentare ai nostri clienti la citt\u00e0 non solo da un punto di vista architettonico, ma anche attraverso la sua cultura, le sue tradizioni, i colori, gli aneddoti, la musica e il cuore di una citt\u00e0 in tutta la sua unicit\u00e0.<\/h6>\n<p><strong>\u00a0<\/strong><\/p>\n","protected":false},"excerpt":{"rendered":"<p>Una citt\u00e0 la si pu\u00f2 guardare o vivere secondo\u00a0molti punti di vista. Noi la percorreremo con guide professionali e che ci mostreranno la citt\u00e0 in modo insolito perch\u00e8 Napoli \u00e8 insolita. Vogliamo presentare ai nostri clienti la citt\u00e0 non solo da un punto di vista architettonico, ma anche attraverso la sua cultura, le sue tradizioni,&hellip;<a href=\"https:\/\/marketingzelle.ch\/site\/it\/cultura-in-citta\/\" class=\"button\">Weiterlesen <span class=\"screen-reader-text\">Cultura in citt\u00e0<\/span><\/a><\/p>\n","protected":false},"author":1,"featured_media":595,"parent":0,"menu_order":0,"comment_status":"closed","ping_status":"closed","template":"","meta":[],"_links":{"self":[{"href":"https:\/\/marketingzelle.ch\/site\/wp-json\/wp\/v2\/pages\/248"}],"collection":[{"href":"https:\/\/marketingzelle.ch\/site\/wp-json\/wp\/v2\/pages"}],"about":[{"href":"https:\/\/marketingzelle.ch\/site\/wp-json\/wp\/v2\/types\/page"}],"author":[{"embeddable":true,"href":"https:\/\/marketingzelle.ch\/site\/wp-json\/wp\/v2\/users\/1"}],"replies":[{"embeddable":true,"href":"https:\/\/marketingzelle.ch\/site\/wp-json\/wp\/v2\/comments?post=248"}],"version-history":[{"count":4,"href":"https:\/\/marketingzelle.ch\/site\/wp-json\/wp\/v2\/pages\/248\/revisions"}],"predecessor-version":[{"id":1421,"href":"https:\/\/marketingzelle.ch\/site\/wp-json\/wp\/v2\/pages\/248\/revisions\/1421"}],"wp:featuredmedia":[{"embeddable":true,"href":"https:\/\/marketingzelle.ch\/site\/wp-json\/wp\/v2\/media\/595"}],"wp:attachment":[{"href":"https:\/\/marketingzelle.ch\/site\/wp-json\/wp\/v2\/media?parent=248"}],"curies":[{"name":"wp","href":"https:\/\/api.w.org\/{rel}","templated":true}]}}