{"id":246,"date":"2016-01-03T18:33:00","date_gmt":"2016-01-03T17:32:16","guid":{"rendered":"http:\/\/kulturzelle.ch\/site\/?page_id=246"},"modified":"2023-02-23T23:02:58","modified_gmt":"2023-02-23T22:02:58","slug":"entstehung-der-stadt","status":"publish","type":"page","link":"https:\/\/marketingzelle.ch\/site\/entstehung-der-stadt\/","title":{"rendered":"Stadtkultur &#8211; Cultura in citt\u00e0"},"content":{"rendered":"<p style=\"text-align: justify;\">Eine Stadt kann man mit verschiedenen Augen und aus verschiedenen Gesichtspunkten betrachten und erleben. Durch eine professionelle F\u00fchrung erleben Sie die Stadt Napoli auf einzigartige Weise.<\/p>\n<p style=\"text-align: justify;\">Wir wollen unseren wissbegierigen Kunden nicht nur k\u00fcnstlerische oder architektonische Seiten der Stadt zeigen, sondern auch die Kultur, Tradition, Farben, Anekdoten, Musik und das Herz des Ortes vorf\u00fchren.<\/p>\n<p style=\"text-align: justify;\">Auf eine ungew\u00f6hnliche Art begleiten wir Sie durch enge Gassen und spektakul\u00e4re Pl\u00e4tze, durch verschiedenen Epochen, zur oberen und unteren Schicht dieser Stadt. In Begleitung eines guten Geist, der diese Stadt nie verlassen wird, oder von einem Pulcinella, der mit seinen tiefsinnigsten und humorvollen Erz\u00e4hlungen die F\u00fchrung noch spannender macht.<\/p>\n<p>&nbsp;<\/p>\n","protected":false},"excerpt":{"rendered":"<p>Eine Stadt kann man mit verschiedenen Augen und aus verschiedenen Gesichtspunkten betrachten und erleben. Durch eine professionelle F\u00fchrung erleben Sie die Stadt Napoli auf einzigartige Weise. Wir wollen unseren wissbegierigen Kunden nicht nur k\u00fcnstlerische oder architektonische Seiten der Stadt zeigen, sondern auch die Kultur, Tradition, Farben, Anekdoten, Musik und das Herz des Ortes vorf\u00fchren. Auf&hellip;<a href=\"https:\/\/marketingzelle.ch\/site\/entstehung-der-stadt\/\" class=\"button\">Weiterlesen <span class=\"screen-reader-text\">Stadtkultur &#8211; Cultura in citt\u00e0<\/span><\/a><\/p>\n","protected":false},"author":1,"featured_media":771,"parent":0,"menu_order":0,"comment_status":"closed","ping_status":"closed","template":"","meta":[],"_links":{"self":[{"href":"https:\/\/marketingzelle.ch\/site\/wp-json\/wp\/v2\/pages\/246"}],"collection":[{"href":"https:\/\/marketingzelle.ch\/site\/wp-json\/wp\/v2\/pages"}],"about":[{"href":"https:\/\/marketingzelle.ch\/site\/wp-json\/wp\/v2\/types\/page"}],"author":[{"embeddable":true,"href":"https:\/\/marketingzelle.ch\/site\/wp-json\/wp\/v2\/users\/1"}],"replies":[{"embeddable":true,"href":"https:\/\/marketingzelle.ch\/site\/wp-json\/wp\/v2\/comments?post=246"}],"version-history":[{"count":23,"href":"https:\/\/marketingzelle.ch\/site\/wp-json\/wp\/v2\/pages\/246\/revisions"}],"predecessor-version":[{"id":1403,"href":"https:\/\/marketingzelle.ch\/site\/wp-json\/wp\/v2\/pages\/246\/revisions\/1403"}],"wp:featuredmedia":[{"embeddable":true,"href":"https:\/\/marketingzelle.ch\/site\/wp-json\/wp\/v2\/media\/771"}],"wp:attachment":[{"href":"https:\/\/marketingzelle.ch\/site\/wp-json\/wp\/v2\/media?parent=246"}],"curies":[{"name":"wp","href":"https:\/\/api.w.org\/{rel}","templated":true}]}}