{"id":167,"date":"2017-08-01T16:33:46","date_gmt":"2017-08-01T14:33:46","guid":{"rendered":"http:\/\/kulturzelle.ch\/site\/?page_id=167"},"modified":"2018-02-05T23:57:32","modified_gmt":"2018-02-05T22:57:32","slug":"monte-dellavvocata","status":"publish","type":"page","link":"https:\/\/marketingzelle.ch\/site\/trekking-touren\/monte-dellavvocata\/","title":{"rendered":"Avvocata-Gebirge"},"content":{"rendered":"<p style=\"text-align: justify;\">Sie geniessen bemerkenswerte Ausblicke und atemberaubende Panoramen \u00fcber dem Golf von Salerno und \u00fcber die Amalfi K\u00fcste: Ein langer Spaziergang f\u00fchrt uns bis zum Heiligtum der Jungfrau am Falerzio Berg (oder Avvocata Berg).<\/p>\n<p style=\"text-align: justify;\">Von hier ist es m\u00f6glich, die Unendlichkeit zu betrachten.<\/p>\n<p style=\"text-align: justify;\">Danach, einem steilen Weg bergab folgend kommen wir in Maiori an und sich am Strand entspannen.<\/p>\n<p style=\"text-align: justify;\">(ganzj\u00e4hrig)<\/p>\n<p style=\"text-align: justify;\">\n<p style=\"text-align: justify;\">\n","protected":false},"excerpt":{"rendered":"<p>Sie geniessen bemerkenswerte Ausblicke und atemberaubende Panoramen \u00fcber dem Golf von Salerno und \u00fcber die Amalfi K\u00fcste: Ein langer Spaziergang f\u00fchrt uns bis zum Heiligtum der Jungfrau am Falerzio Berg (oder Avvocata Berg). Von hier ist es m\u00f6glich, die Unendlichkeit zu betrachten. Danach, einem steilen Weg bergab folgend kommen wir in Maiori an und sich&hellip;<a href=\"https:\/\/marketingzelle.ch\/site\/trekking-touren\/monte-dellavvocata\/\" class=\"button\">Weiterlesen <span class=\"screen-reader-text\">Avvocata-Gebirge<\/span><\/a><\/p>\n","protected":false},"author":1,"featured_media":987,"parent":258,"menu_order":0,"comment_status":"closed","ping_status":"closed","template":"","meta":[],"_links":{"self":[{"href":"https:\/\/marketingzelle.ch\/site\/wp-json\/wp\/v2\/pages\/167"}],"collection":[{"href":"https:\/\/marketingzelle.ch\/site\/wp-json\/wp\/v2\/pages"}],"about":[{"href":"https:\/\/marketingzelle.ch\/site\/wp-json\/wp\/v2\/types\/page"}],"author":[{"embeddable":true,"href":"https:\/\/marketingzelle.ch\/site\/wp-json\/wp\/v2\/users\/1"}],"replies":[{"embeddable":true,"href":"https:\/\/marketingzelle.ch\/site\/wp-json\/wp\/v2\/comments?post=167"}],"version-history":[{"count":27,"href":"https:\/\/marketingzelle.ch\/site\/wp-json\/wp\/v2\/pages\/167\/revisions"}],"predecessor-version":[{"id":1329,"href":"https:\/\/marketingzelle.ch\/site\/wp-json\/wp\/v2\/pages\/167\/revisions\/1329"}],"up":[{"embeddable":true,"href":"https:\/\/marketingzelle.ch\/site\/wp-json\/wp\/v2\/pages\/258"}],"wp:featuredmedia":[{"embeddable":true,"href":"https:\/\/marketingzelle.ch\/site\/wp-json\/wp\/v2\/media\/987"}],"wp:attachment":[{"href":"https:\/\/marketingzelle.ch\/site\/wp-json\/wp\/v2\/media?parent=167"}],"curies":[{"name":"wp","href":"https:\/\/api.w.org\/{rel}","templated":true}]}}